{"id":2291,"date":"2023-12-07T01:54:50","date_gmt":"2023-12-07T01:54:50","guid":{"rendered":"https:\/\/lemonlawlawyer.com\/?page_id=2291"},"modified":"2023-12-07T16:29:25","modified_gmt":"2023-12-07T16:29:25","slug":"disclaimer","status":"publish","type":"page","link":"https:\/\/kfi.lemonlawlawyer.com\/es\/disclaimer\/","title":{"rendered":"Descargo de responsabilidad"},"content":{"rendered":"<h1>DESCARGO DE RESPONSABILIDAD<\/h1>\n<h1>Descargo de responsabilidad<\/h1>\n<hr>\n<div>\n<p>Los materiales contenidos en este sitio web han sido preparados por Lemon Law Lawyers y est\u00e1n destinados \u00fanicamente a fines informativos y no constituyen asesoramiento legal. La transmisi\u00f3n de la informaci\u00f3n no tiene como objetivo crear, y la recepci\u00f3n no constituye, una relaci\u00f3n abogado-cliente. Si bien hemos intentado mantener la informaci\u00f3n en este sitio web con la mayor precisi\u00f3n posible, esta informaci\u00f3n puede contener errores u omisiones, por los cuales declinamos toda responsabilidad. Este sitio web contiene informaci\u00f3n sobre cuestiones legales y no sustituye el asesoramiento legal de un abogado calificado con licencia en la jurisdicci\u00f3n correspondiente. Lemon Lawyers declina expresamente toda responsabilidad con respecto a las acciones tomadas o no tomadas en funci\u00f3n de cualquiera o todos los contenidos de este sitio web.<\/p>\n<p>Al comunicarse con Lemon Law Lawyers o cualquiera de sus abogados o empleados, usted acepta que <strong>Abogados de la ley del lim\u00f3n<\/strong> puede revisar cualquier informaci\u00f3n que nos transmita, ya sea que la haya enviado a pedido nuestro o no. Usted reconoce que nuestra revisi\u00f3n de cualquier informaci\u00f3n no solicitada que nos env\u00ede, incluso si la envi\u00f3 con la intenci\u00f3n de contratarnos de buena fe y, adem\u00e1s, incluso si es altamente confidencial, no nos impide representar a otro cliente directamente adverso a usted, incluso en un asunto en el que esa informaci\u00f3n podr\u00eda y ser\u00e1 utilizada en su contra.<\/p>\n<p>No debe enviar informaci\u00f3n confidencial o informaci\u00f3n que considere privilegiada a <strong>Abogados de la ley del lim\u00f3n<\/strong> hasta que haya recibido confirmaci\u00f3n por escrito de Lemon Law Lawyers de su disposici\u00f3n a proporcionar los servicios legales que solicite. El contenido de cualquier correspondencia que env\u00ede por Internet no se considerar\u00e1 confidencial a menos que haya recibido dicha confirmaci\u00f3n por escrito.<\/p>\n<p>Resultados pasados obtenidos por <b>Abogados de la ley del lim\u00f3n<\/b> Los abogados no son garant\u00eda de resultados futuros. Cada caso o asunto es diferente y se juzga seg\u00fan sus propios m\u00e9ritos.<\/p>\n<h2>Aviso legal sobre publicidad<\/h2>\n<p>No se hace ninguna declaraci\u00f3n ni se pretende que la calidad de los servicios jur\u00eddicos que se prestar\u00e1n sea superior a la calidad de los servicios jur\u00eddicos prestados por otros abogados. Los resultados anteriores no garantizan un resultado similar.<\/p>\n<h2>Condiciones de uso<\/h2>\n<p>El contenido de este sitio web tiene como objetivo transmitir informaci\u00f3n general sobre Lemon Lawyers. No debe considerarse como asesoramiento legal. No es una oferta para representarlo ni tiene como objetivo crear una relaci\u00f3n abogado-cliente. Lemon Lawyers no patrocina, respalda, verifica ni garantiza la exactitud de la informaci\u00f3n que se encuentra en sitios externos o enlaces posteriores. El contenido de cualquier correo electr\u00f3nico de Internet enviado a <strong>Abogados de la ley del lim\u00f3n<\/strong> o cualquiera de sus abogados a las direcciones de correo electr\u00f3nico que se indican en este sitio web no crear\u00e1 una relaci\u00f3n abogado-cliente y no se tratar\u00e1 como confidencial. Se proh\u00edbe cualquier uso de los contenidos de este sitio que no sea para uso personal. \u00a9 <script> document.currentScript.insertAdjacentHTML('afterend', '<time datetime=\"' + new Date().toJSON() + '\">' + new Intl.DateTimeFormat(document.documentElement.lang, {year: 'numeric'}).format() + '<\/time>'); <\/script> Abogados especialistas en la ley del lim\u00f3n. Todos los derechos reservados.<\/p>\n<h2>Experiencia de abogado<\/h2>\n<p>La experiencia descrita en algunas biograf\u00edas de abogados en este sitio web puede ser anterior a que un abogado en particular se uniera a Lemon Law Lawyers. La experiencia representada en este sitio web no implica que el abogado sea un cliente actual. Consulte la lista de clientes para ver los clientes actuales.<\/p>\n<h2>Enlaces desde nuestro sitio web<\/h2>\n<p>Los enlaces incluidos en este sitio web pueden llevar a otros sitios. Dichos enlaces se proporcionan para facilitar al visitante la b\u00fasqueda de m\u00e1s informaci\u00f3n. <strong>Abogados de la ley del lim\u00f3n<\/strong> no necesariamente patrocina, respalda o aprueba de otro modo dichos materiales vinculados y no controla ni garantiza la precisi\u00f3n, relevancia, puntualidad o integridad de la informaci\u00f3n contenida en dichos enlaces.<\/p>\n<h2>Nuestras publicaciones<\/h2>\n<p><strong>Abogados de la ley del lim\u00f3n<\/strong> Las publicaciones no deben interpretarse como asesoramiento legal sobre hechos o circunstancias espec\u00edficos. El contenido de nuestras publicaciones est\u00e1 destinado \u00fanicamente a fines de informaci\u00f3n general y no puede citarse ni mencionarse en ninguna otra publicaci\u00f3n o procedimiento sin el consentimiento previo por escrito de la Firma, que se otorgar\u00e1 o denegar\u00e1 a nuestra discreci\u00f3n. Para solicitar permiso para reimprimir cualquiera de nuestras publicaciones, utilice el formulario \u201cCont\u00e1ctenos\u201d que se encuentra en este sitio web. El env\u00edo de nuestras publicaciones no tiene como objetivo crear, y la recepci\u00f3n de las mismas no constituye, una relaci\u00f3n abogado-cliente. Las opiniones expresadas en las mismas son las opiniones personales del autor y no reflejan necesariamente las del bufete de abogados con el que est\u00e1 asociado.<\/p>\n<h2>Declaraci\u00f3n de conformidad con el procedimiento de reclamaciones en los Pa\u00edses Bajos<\/h2>\n<p>Si un cliente se comunica con la firma en relaci\u00f3n con una queja relacionada con los servicios de un abogado de <strong>Abogados de la ley del lim\u00f3n<\/strong>, la queja ser\u00e1 transmitida al oficial de quejas.<\/div>\n<p><!--more--><br \/>\n<!-- {\"type\":\"layout\",\"children\":[{\"type\":\"section\",\"props\":{\"image\":\"\\\/wp-content\\\/uploads\\\/client-love.jpg\",\"image_position\":\"center-center\",\"image_size\":\"cover\",\"padding\":\"large\",\"style\":\"default\",\"text_color\":\"light\",\"title_breakpoint\":\"xl\",\"title_position\":\"top-left\",\"title_rotation\":\"left\",\"vertical_align\":\"middle\",\"width\":\"default\"},\"children\":[{\"type\":\"row\",\"children\":[{\"type\":\"column\",\"props\":{\"image_position\":\"center-center\",\"position_sticky_breakpoint\":\"m\"},\"children\":[{\"type\":\"headline\",\"props\":{\"class\":\"borderframes-white\",\"content\":\"DISCLAIMER\",\"margin_remove_top\":true,\"text_align\":\"center\",\"title_element\":\"h1\"}}]}]}]},{\"type\":\"section\",\"props\":{\"image\":\"\\\/wp-content\\\/uploads\\\/testies-bg.jpg\",\"image_position\":\"center-center\",\"image_size\":\"cover\",\"padding_remove_top\":true,\"style\":\"default\",\"title_breakpoint\":\"xl\",\"title_position\":\"top-left\",\"title_rotation\":\"left\",\"vertical_align\":\"middle\",\"width\":\"default\"},\"children\":[{\"type\":\"row\",\"children\":[{\"type\":\"column\",\"props\":{\"image_position\":\"center-center\",\"position_sticky_breakpoint\":\"m\"},\"children\":[{\"type\":\"breadcrumbs\",\"props\":{\"show_current\":true,\"show_home\":true}},{\"type\":\"headline\",\"props\":{\"class\":\"navyish gradify-navy\",\"content\":\"Disclaimer\",\"title_element\":\"h1\"}},{\"type\":\"divider\",\"props\":{\"divider_element\":\"hr\"}},{\"type\":\"text\",\"props\":{\"column_breakpoint\":\"m\",\"content\":\"\n\n<p>The materials contained on this website have been prepared by Lemon Law Lawyers and are intended for informational purposes only and are not legal advice. Transmission of the information is not intended to create, and receipt does not constitute, an attorney-client relationship. While we have attempted to maintain information on this website as accurately as possible, this information may contain errors or omissions, for which we disclaim liability. This website contains information on legal issues and is not a substitute for legal advice from a qualified attorney licensed in the appropriate jurisdiction. Lemon Law Lawyers expressly disclaims all liability with respect to actions taken or not taken based on any or all of the contents of this website.<\\\/p>\\n\n\n<p>By contacting Lemon Law Lawyers or any of its attorneys or employees, you agree that <strong>Lemon Law Lawyers<\\\/strong> may review any information that you transmit to us, whether submitted at our request or not. You recognize that our review of any unsolicited information you may submit, even if you submitted it in a good faith effort to retain us, and, further, even if it is highly confidential, does not preclude us from representing another client directly adverse to you, even in a matter in which that information could and will be used against you.<\\\/p>\\n\n\n<p>You should not send confidential information or information that you regard as privileged to <strong>Lemon Law Lawyers<\\\/strong> until you have received written confirmation from Lemon Law Lawyers of its willingness to provide the legal services you may request. The content of any correspondence you send via the Internet will not be considered confidential unless you have received such written confirmation.<\\\/p>\\n\n\n<p>Past results obtained by <b>Lemon Law Lawyers<\\\/b> attorneys are no guarantee of future results. Each case or matter is different and is judged on its own merits.<\\\/p>\\n\n\n<h2>Advertisement Disclaimer<\\\/h2>\\n\n\n<p>No representation is made or intended that the quality of the legal services to be performed is greater than the quality of legal services performed by other lawyers. Prior results do not guarantee a similar outcome.<\\\/p>\\n\n\n<h2>Terms of Use<\\\/h2>\\nThe content of this website is intended to convey general information about Lemon Law Lawyers. It should not be relied upon as legal advice. It is not an offer to represent you, nor is it intended to create an attorney-client relationship. Lemon Law Lawyers does not sponsor, endorse, verify, or warrant the accuracy of the information found at external sites or subsequent links. The content of any Internet e-mail sent to <strong>Lemon Law Lawyers<\\\/strong> or any of its lawyers at the e-mail addresses set forth in this website will not create an attorney-client relationship and will not be treated as confidential. All uses of the contents of this site, other than personal uses, are prohibited.  \\u00a9 <script> document.currentScript.insertAdjacentHTML('afterend', '<time datetime=\\\"' + new Date().toJSON() + '\\\">' + new Intl.DateTimeFormat(document.documentElement.lang, {year: 'numeric'}).format() + '<\\\/time>'); <\\\/script> Lemon Law Lawyers. All rights reserved.\\n\n\n<h2>Attorney Experience<\\\/h2>\\nExperience described on some attorney biographies on this website may date from before an individual lawyer joined Lemon Law Lawyers. Experience represented on this website does not imply current client status. Please consult the client list for current clients.\\n\n\n<h2>Links from Our Website<\\\/h2>\\nLinks within this website may lead to other sites. Such links are provided for the visitor's convenience to provide further information. <strong>Lemon Law Lawyers<\\\/strong> does not necessarily sponsor, endorse, or otherwise approve such linked materials and does not control or guarantee the accuracy, relevance, timeliness, or completeness of the information contained in such links.\\n\n\n<h2>Our Publications<\\\/h2>\\n<strong>Lemon Law Lawyers<\\\/strong> publications should not be construed as legal advice on any specific facts or circumstances. The contents of our publications are intended for general information purposes only and may not be quoted or referred to in any other publication or proceeding without the prior written consent of the Firm, to be given or withheld at our discretion. To request reprint permission for any of our publications, please use the \\\"Contact Us\\\" form located on this website. The mailing of our publications is not intended to create, and receipt of them does not constitute, an attorney-client relationship. The views set forth therein are the personal views of the author and do not necessarily reflect those of the law firm with which he or she is associated.\\n\n\n<h2>Statement in Compliance with the Complaints Procedure in The Netherlands<\\\/h2>\\nIf a client contacts the firm concerning a complaint in connection to services of an attorney of <strong>Lemon Law Lawyers<\\\/strong>, the complaint will be passed on to the complaints officer.\",\"margin\":\"default\"}}]}]}]}],\"version\":\"4.2.6\"} --><\/p>","protected":false},"excerpt":{"rendered":"<p>DISCLAIMER Disclaimer The materials contained on this website have been prepared by Lemon Law Lawyers and are intended for informational purposes only and are not legal advice. Transmission of the information is not intended to create, and receipt does not constitute, an attorney-client relationship. While we have attempted to maintain information on this website as [&hellip;]<\/p>","protected":false},"author":1,"featured_media":0,"parent":0,"menu_order":0,"comment_status":"closed","ping_status":"closed","template":"","meta":{"_monsterinsights_skip_tracking":false,"_monsterinsights_sitenote_active":false,"_monsterinsights_sitenote_note":"","_monsterinsights_sitenote_category":0,"footnotes":""},"class_list":["post-2291","page","type-page","status-publish","hentry"],"aioseo_notices":[],"aioseo_head":"\n\t\t<!-- All in One SEO Pro 4.9.2 - aioseo.com -->\n\t<meta name=\"description\" content=\"DISCLAIMER Disclaimer The materials contained on this website have been prepared by Lemon Law Lawyers and are intended for informational purposes only and are not legal advice. Transmission of the information is not intended to create, and receipt does not constitute, an attorney-client relationship. While we have attempted to maintain information on this website as\" \/>\n\t<meta name=\"robots\" content=\"max-image-preview:large\" \/>\n\t<link rel=\"canonical\" href=\"https:\/\/kfi.lemonlawlawyer.com\/es\/disclaimer\/\" \/>\n\t<meta name=\"generator\" content=\"All in One SEO Pro (AIOSEO) 4.9.2\" \/>\n\t\t<meta property=\"og:locale\" content=\"es_MX\" \/>\n\t\t<meta property=\"og:site_name\" content=\"Lemon Law Lawyer - Sour deal? Sweet justice. Lemon Law Lawyers at your service.\" \/>\n\t\t<meta property=\"og:type\" content=\"article\" \/>\n\t\t<meta property=\"og:title\" content=\"Disclaimer - Lemon Law Lawyer\" \/>\n\t\t<meta property=\"og:description\" content=\"DISCLAIMER Disclaimer The materials contained on this website have been prepared by Lemon Law Lawyers and are intended for informational purposes only and are not legal advice. Transmission of the information is not intended to create, and receipt does not constitute, an attorney-client relationship. While we have attempted to maintain information on this website as\" \/>\n\t\t<meta property=\"og:url\" content=\"https:\/\/kfi.lemonlawlawyer.com\/es\/disclaimer\/\" \/>\n\t\t<meta property=\"og:image\" content=\"https:\/\/kfi.lemonlawlawyer.com\/wp-content\/uploads\/lll-social.png\" \/>\n\t\t<meta property=\"og:image:secure_url\" content=\"https:\/\/kfi.lemonlawlawyer.com\/wp-content\/uploads\/lll-social.png\" \/>\n\t\t<meta property=\"article:published_time\" content=\"2023-12-07T01:54:50+00:00\" \/>\n\t\t<meta property=\"article:modified_time\" content=\"2023-12-07T16:29:25+00:00\" \/>\n\t\t<meta name=\"twitter:card\" content=\"summary_large_image\" \/>\n\t\t<meta name=\"twitter:title\" content=\"Disclaimer - Lemon Law Lawyer\" \/>\n\t\t<meta name=\"twitter:description\" content=\"DISCLAIMER Disclaimer The materials contained on this website have been prepared by Lemon Law Lawyers and are intended for informational purposes only and are not legal advice. Transmission of the information is not intended to create, and receipt does not constitute, an attorney-client relationship. While we have attempted to maintain information on this website as\" \/>\n\t\t<meta name=\"twitter:image\" content=\"https:\/\/kfi.lemonlawlawyer.com\/wp-content\/uploads\/lll-social.png\" \/>\n\t\t<script type=\"application\/ld+json\" class=\"aioseo-schema\">\n\t\t\t{\"@context\":\"https:\\\/\\\/schema.org\",\"@graph\":[{\"@type\":\"BreadcrumbList\",\"@id\":\"https:\\\/\\\/kfi.lemonlawlawyer.com\\\/es\\\/disclaimer\\\/#breadcrumblist\",\"itemListElement\":[{\"@type\":\"ListItem\",\"@id\":\"https:\\\/\\\/kfi.lemonlawlawyer.com\\\/es#listItem\",\"position\":1,\"name\":\"Home\",\"item\":\"https:\\\/\\\/kfi.lemonlawlawyer.com\\\/es\",\"nextItem\":{\"@type\":\"ListItem\",\"@id\":\"https:\\\/\\\/kfi.lemonlawlawyer.com\\\/es\\\/disclaimer\\\/#listItem\",\"name\":\"Disclaimer\"}},{\"@type\":\"ListItem\",\"@id\":\"https:\\\/\\\/kfi.lemonlawlawyer.com\\\/es\\\/disclaimer\\\/#listItem\",\"position\":2,\"name\":\"Disclaimer\",\"previousItem\":{\"@type\":\"ListItem\",\"@id\":\"https:\\\/\\\/kfi.lemonlawlawyer.com\\\/es#listItem\",\"name\":\"Home\"}}]},{\"@type\":\"Organization\",\"@id\":\"https:\\\/\\\/kfi.lemonlawlawyer.com\\\/es\\\/#organization\",\"name\":\"Lemon Law Lawyer\",\"description\":\"Sour deal? Sweet justice. Lemon Law Lawyers at your service.\",\"url\":\"https:\\\/\\\/kfi.lemonlawlawyer.com\\\/es\\\/\",\"telephone\":\"+18882912055\",\"logo\":{\"@type\":\"ImageObject\",\"url\":\"http:\\\/\\\/lemonlawlawyer.com\\\/wp-content\\\/uploads\\\/MicrosoftTeams-image-22.png\",\"@id\":\"https:\\\/\\\/kfi.lemonlawlawyer.com\\\/es\\\/disclaimer\\\/#organizationLogo\"},\"image\":{\"@id\":\"https:\\\/\\\/kfi.lemonlawlawyer.com\\\/es\\\/disclaimer\\\/#organizationLogo\"}},{\"@type\":\"WebPage\",\"@id\":\"https:\\\/\\\/kfi.lemonlawlawyer.com\\\/es\\\/disclaimer\\\/#webpage\",\"url\":\"https:\\\/\\\/kfi.lemonlawlawyer.com\\\/es\\\/disclaimer\\\/\",\"name\":\"Disclaimer - Lemon Law Lawyer\",\"description\":\"DISCLAIMER Disclaimer The materials contained on this website have been prepared by Lemon Law Lawyers and are intended for informational purposes only and are not legal advice. Transmission of the information is not intended to create, and receipt does not constitute, an attorney-client relationship. While we have attempted to maintain information on this website as\",\"inLanguage\":\"es-MX\",\"isPartOf\":{\"@id\":\"https:\\\/\\\/kfi.lemonlawlawyer.com\\\/es\\\/#website\"},\"breadcrumb\":{\"@id\":\"https:\\\/\\\/kfi.lemonlawlawyer.com\\\/es\\\/disclaimer\\\/#breadcrumblist\"},\"datePublished\":\"2023-12-07T01:54:50+00:00\",\"dateModified\":\"2023-12-07T16:29:25+00:00\"},{\"@type\":\"WebSite\",\"@id\":\"https:\\\/\\\/kfi.lemonlawlawyer.com\\\/es\\\/#website\",\"url\":\"https:\\\/\\\/kfi.lemonlawlawyer.com\\\/es\\\/\",\"name\":\"Lemon Law Lawyer\",\"description\":\"Sour deal? Sweet justice. Lemon Law Lawyers at your service.\",\"inLanguage\":\"es-MX\",\"publisher\":{\"@id\":\"https:\\\/\\\/kfi.lemonlawlawyer.com\\\/es\\\/#organization\"}}]}\n\t\t<\/script>\n\t\t<!-- All in One SEO Pro -->\r\n\t\t<title>Disclaimer - Lemon Law Lawyer<\/title>\n\n","aioseo_head_json":{"title":"Disclaimer - Lemon Law Lawyer","description":"DISCLAIMER Disclaimer The materials contained on this website have been prepared by Lemon Law Lawyers and are intended for informational purposes only and are not legal advice. Transmission of the information is not intended to create, and receipt does not constitute, an attorney-client relationship. While we have attempted to maintain information on this website as","canonical_url":"https:\/\/kfi.lemonlawlawyer.com\/es\/disclaimer\/","robots":"max-image-preview:large","keywords":"","webmasterTools":{"miscellaneous":""},"schema":{"@context":"https:\/\/schema.org","@graph":[{"@type":"BreadcrumbList","@id":"https:\/\/kfi.lemonlawlawyer.com\/es\/disclaimer\/#breadcrumblist","itemListElement":[{"@type":"ListItem","@id":"https:\/\/kfi.lemonlawlawyer.com\/es#listItem","position":1,"name":"Home","item":"https:\/\/kfi.lemonlawlawyer.com\/es","nextItem":{"@type":"ListItem","@id":"https:\/\/kfi.lemonlawlawyer.com\/es\/disclaimer\/#listItem","name":"Disclaimer"}},{"@type":"ListItem","@id":"https:\/\/kfi.lemonlawlawyer.com\/es\/disclaimer\/#listItem","position":2,"name":"Disclaimer","previousItem":{"@type":"ListItem","@id":"https:\/\/kfi.lemonlawlawyer.com\/es#listItem","name":"Home"}}]},{"@type":"Organization","@id":"https:\/\/kfi.lemonlawlawyer.com\/es\/#organization","name":"Lemon Law Lawyer","description":"Sour deal? Sweet justice. Lemon Law Lawyers at your service.","url":"https:\/\/kfi.lemonlawlawyer.com\/es\/","telephone":"+18882912055","logo":{"@type":"ImageObject","url":"http:\/\/lemonlawlawyer.com\/wp-content\/uploads\/MicrosoftTeams-image-22.png","@id":"https:\/\/kfi.lemonlawlawyer.com\/es\/disclaimer\/#organizationLogo"},"image":{"@id":"https:\/\/kfi.lemonlawlawyer.com\/es\/disclaimer\/#organizationLogo"}},{"@type":"WebPage","@id":"https:\/\/kfi.lemonlawlawyer.com\/es\/disclaimer\/#webpage","url":"https:\/\/kfi.lemonlawlawyer.com\/es\/disclaimer\/","name":"Disclaimer - Lemon Law Lawyer","description":"DISCLAIMER Disclaimer The materials contained on this website have been prepared by Lemon Law Lawyers and are intended for informational purposes only and are not legal advice. Transmission of the information is not intended to create, and receipt does not constitute, an attorney-client relationship. While we have attempted to maintain information on this website as","inLanguage":"es-MX","isPartOf":{"@id":"https:\/\/kfi.lemonlawlawyer.com\/es\/#website"},"breadcrumb":{"@id":"https:\/\/kfi.lemonlawlawyer.com\/es\/disclaimer\/#breadcrumblist"},"datePublished":"2023-12-07T01:54:50+00:00","dateModified":"2023-12-07T16:29:25+00:00"},{"@type":"WebSite","@id":"https:\/\/kfi.lemonlawlawyer.com\/es\/#website","url":"https:\/\/kfi.lemonlawlawyer.com\/es\/","name":"Lemon Law Lawyer","description":"Sour deal? Sweet justice. Lemon Law Lawyers at your service.","inLanguage":"es-MX","publisher":{"@id":"https:\/\/kfi.lemonlawlawyer.com\/es\/#organization"}}]},"og:locale":"es_MX","og:site_name":"Lemon Law Lawyer - Sour deal? Sweet justice. Lemon Law Lawyers at your service.","og:type":"article","og:title":"Disclaimer - Lemon Law Lawyer","og:description":"DISCLAIMER Disclaimer The materials contained on this website have been prepared by Lemon Law Lawyers and are intended for informational purposes only and are not legal advice. Transmission of the information is not intended to create, and receipt does not constitute, an attorney-client relationship. While we have attempted to maintain information on this website as","og:url":"https:\/\/kfi.lemonlawlawyer.com\/es\/disclaimer\/","og:image":"https:\/\/kfi.lemonlawlawyer.com\/wp-content\/uploads\/lll-social.png","og:image:secure_url":"https:\/\/kfi.lemonlawlawyer.com\/wp-content\/uploads\/lll-social.png","article:published_time":"2023-12-07T01:54:50+00:00","article:modified_time":"2023-12-07T16:29:25+00:00","twitter:card":"summary_large_image","twitter:title":"Disclaimer - Lemon Law Lawyer","twitter:description":"DISCLAIMER Disclaimer The materials contained on this website have been prepared by Lemon Law Lawyers and are intended for informational purposes only and are not legal advice. Transmission of the information is not intended to create, and receipt does not constitute, an attorney-client relationship. While we have attempted to maintain information on this website as","twitter:image":"https:\/\/kfi.lemonlawlawyer.com\/wp-content\/uploads\/lll-social.png"},"aioseo_meta_data":{"post_id":"2291","title":null,"description":null,"keywords":[],"keyphrases":{"focus":{"keyphrase":"","score":0,"analysis":{"keyphraseInTitle":{"score":0,"maxScore":9,"error":1}}},"additional":[]},"primary_term":null,"canonical_url":null,"og_title":null,"og_description":null,"og_object_type":"default","og_image_type":"default","og_image_url":null,"og_image_width":null,"og_image_height":null,"og_image_custom_url":null,"og_image_custom_fields":null,"og_video":"","og_custom_url":null,"og_article_section":null,"og_article_tags":[],"twitter_use_og":false,"twitter_card":"default","twitter_image_type":"default","twitter_image_url":null,"twitter_image_custom_url":null,"twitter_image_custom_fields":null,"twitter_title":null,"twitter_description":null,"schema":{"blockGraphs":[],"customGraphs":[],"default":{"data":{"Article":[],"Course":[],"Dataset":[],"FAQPage":[],"Movie":[],"Person":[],"Product":[],"ProductReview":[],"Car":[],"Recipe":[],"Service":[],"SoftwareApplication":[],"WebPage":[]},"graphName":"WebPage","isEnabled":true},"graphs":[]},"schema_type":"default","schema_type_options":null,"pillar_content":false,"robots_default":true,"robots_noindex":false,"robots_noarchive":false,"robots_nosnippet":false,"robots_nofollow":false,"robots_noimageindex":false,"robots_noodp":false,"robots_notranslate":false,"robots_max_snippet":"-1","robots_max_videopreview":"-1","robots_max_imagepreview":"large","priority":null,"frequency":"default","local_seo":null,"seo_analyzer_scan_date":"2025-08-15 14:51:42","breadcrumb_settings":null,"limit_modified_date":false,"open_ai":"{\"title\":{\"suggestions\":[],\"usage\":0},\"description\":{\"suggestions\":[],\"usage\":0}}","ai":null,"created":"2023-12-07 01:54:50","updated":"2025-10-28 14:12:26"},"aioseo_breadcrumb":"<div class=\"aioseo-breadcrumbs\"><span class=\"aioseo-breadcrumb\">\n\t<a href=\"https:\/\/kfi.lemonlawlawyer.com\/es\" title=\"Home\">Home<\/a>\n<\/span><span class=\"aioseo-breadcrumb-separator\">&raquo;<\/span><span class=\"aioseo-breadcrumb\">\n\tDisclaimer\n<\/span><\/div>","aioseo_breadcrumb_json":[{"label":"Home","link":"https:\/\/kfi.lemonlawlawyer.com\/es"},{"label":"Disclaimer","link":"https:\/\/kfi.lemonlawlawyer.com\/es\/disclaimer\/"}],"_links":{"self":[{"href":"https:\/\/kfi.lemonlawlawyer.com\/es\/wp-json\/wp\/v2\/pages\/2291","targetHints":{"allow":["GET"]}}],"collection":[{"href":"https:\/\/kfi.lemonlawlawyer.com\/es\/wp-json\/wp\/v2\/pages"}],"about":[{"href":"https:\/\/kfi.lemonlawlawyer.com\/es\/wp-json\/wp\/v2\/types\/page"}],"author":[{"embeddable":true,"href":"https:\/\/kfi.lemonlawlawyer.com\/es\/wp-json\/wp\/v2\/users\/1"}],"replies":[{"embeddable":true,"href":"https:\/\/kfi.lemonlawlawyer.com\/es\/wp-json\/wp\/v2\/comments?post=2291"}],"version-history":[{"count":8,"href":"https:\/\/kfi.lemonlawlawyer.com\/es\/wp-json\/wp\/v2\/pages\/2291\/revisions"}],"predecessor-version":[{"id":2310,"href":"https:\/\/kfi.lemonlawlawyer.com\/es\/wp-json\/wp\/v2\/pages\/2291\/revisions\/2310"}],"wp:attachment":[{"href":"https:\/\/kfi.lemonlawlawyer.com\/es\/wp-json\/wp\/v2\/media?parent=2291"}],"curies":[{"name":"wp","href":"https:\/\/api.w.org\/{rel}","templated":true}]}}