{"id":2288,"date":"2023-12-07T01:53:54","date_gmt":"2023-12-07T01:53:54","guid":{"rendered":"https:\/\/lemonlawlawyer.com\/?page_id=2288"},"modified":"2023-12-07T16:07:31","modified_gmt":"2023-12-07T16:07:31","slug":"text-policy","status":"publish","type":"page","link":"https:\/\/kfi.lemonlawlawyer.com\/es\/text-policy\/","title":{"rendered":"Pol\u00edtica de texto"},"content":{"rendered":"<h1>POL\u00cdTICA DE TEXTO<\/h1>\n<h1>Pol\u00edtica de texto<\/h1>\n<hr>\n<div>\n<p><strong>Pol\u00edtica de mensajes de texto:<\/strong><\/p>\n<p>Responda S\u00cd para recibir actualizaciones e informaci\u00f3n de Lemon Law Lawyer. Responda STOP para cancelar y darse de baja. Pueden aplicarse tarifas y uso de mensajes y datos.<\/p>\n<p>Cualquier persona que se comunique con Lemon Law Lawyer a trav\u00e9s del c\u00f3digo corto 40222 puede optar por no participar siguiendo las pautas definidas en el programa de inclusi\u00f3n y exclusi\u00f3n anterior.<\/p>\n<\/div>\n<p><!--more--><br \/>\n<!-- {\"type\":\"layout\",\"children\":[{\"type\":\"section\",\"props\":{\"image\":\"\\\/wp-content\\\/uploads\\\/client-love.jpg\",\"image_position\":\"center-center\",\"image_size\":\"cover\",\"padding\":\"large\",\"style\":\"default\",\"text_color\":\"light\",\"title_breakpoint\":\"xl\",\"title_position\":\"top-left\",\"title_rotation\":\"left\",\"vertical_align\":\"middle\",\"width\":\"default\"},\"children\":[{\"type\":\"row\",\"children\":[{\"type\":\"column\",\"props\":{\"image_position\":\"center-center\",\"position_sticky_breakpoint\":\"m\"},\"children\":[{\"type\":\"headline\",\"props\":{\"class\":\"borderframes-white\",\"content\":\"TEXT POLICY\",\"margin_remove_top\":true,\"text_align\":\"center\",\"title_element\":\"h1\"}}]}]}]},{\"type\":\"section\",\"props\":{\"image\":\"\\\/wp-content\\\/uploads\\\/testies-bg.jpg\",\"image_position\":\"center-center\",\"image_size\":\"cover\",\"padding_remove_top\":true,\"style\":\"default\",\"title_breakpoint\":\"xl\",\"title_position\":\"top-left\",\"title_rotation\":\"left\",\"vertical_align\":\"middle\",\"width\":\"default\"},\"children\":[{\"type\":\"row\",\"children\":[{\"type\":\"column\",\"props\":{\"image_position\":\"center-center\",\"position_sticky_breakpoint\":\"m\"},\"children\":[{\"type\":\"breadcrumbs\",\"props\":{\"show_current\":true,\"show_home\":true}},{\"type\":\"headline\",\"props\":{\"class\":\"navyish gradify-navy\",\"content\":\"Text Policy\",\"title_element\":\"h1\"}},{\"type\":\"divider\",\"props\":{\"divider_element\":\"hr\"}},{\"type\":\"text\",\"props\":{\"column_breakpoint\":\"m\",\"content\":\"\n\n<p><strong>Text Messeging Policy:<\\\/strong><\\\/p>\\n\\n\n\n<p>Reply YES to receive updates and information from Lemon Law Lawyer. Reply STOP to cancel and unsubscribe. Message and data rates and usage may apply.<\\\/p>\\n\\n\n\n<p>Anyone who communicates with Lemon Law Lawyer via shortcode 40222. Can Opt-out by following the guidelines defined in the above opt-in and opt-out program.<\\\/p>\",\"margin\":\"default\"}}]}]}]}],\"version\":\"4.2.6\"} --><\/p>","protected":false},"excerpt":{"rendered":"<p>TEXT POLICY Text Policy Text Messeging Policy: Reply YES to receive updates and information from Lemon Law Lawyer. Reply STOP to cancel and unsubscribe. Message and data rates and usage may apply. Anyone who communicates with Lemon Law Lawyer via shortcode 40222. Can Opt-out by following the guidelines defined in the above opt-in and opt-out [&hellip;]<\/p>","protected":false},"author":1,"featured_media":0,"parent":0,"menu_order":0,"comment_status":"closed","ping_status":"closed","template":"","meta":{"_monsterinsights_skip_tracking":false,"_monsterinsights_sitenote_active":false,"_monsterinsights_sitenote_note":"","_monsterinsights_sitenote_category":0,"footnotes":""},"class_list":["post-2288","page","type-page","status-publish","hentry"],"aioseo_notices":[],"aioseo_head":"\n\t\t<!-- All in One SEO Pro 4.9.2 - aioseo.com -->\n\t<meta name=\"description\" content=\"TEXT POLICY Text Policy Text Messeging Policy: Reply YES to receive updates and information from Lemon Law Lawyer. Reply STOP to cancel and unsubscribe. Message and data rates and usage may apply. Anyone who communicates with Lemon Law Lawyer via shortcode 40222. Can Opt-out by following the guidelines defined in the above opt-in and opt-out\" \/>\n\t<meta name=\"robots\" content=\"max-image-preview:large\" \/>\n\t<link rel=\"canonical\" href=\"https:\/\/kfi.lemonlawlawyer.com\/es\/text-policy\/\" \/>\n\t<meta name=\"generator\" content=\"All in One SEO Pro (AIOSEO) 4.9.2\" \/>\n\t\t<meta property=\"og:locale\" content=\"es_MX\" \/>\n\t\t<meta property=\"og:site_name\" content=\"Lemon Law Lawyer - Sour deal? Sweet justice. Lemon Law Lawyers at your service.\" \/>\n\t\t<meta property=\"og:type\" content=\"article\" \/>\n\t\t<meta property=\"og:title\" content=\"Text Policy - Lemon Law Lawyer\" \/>\n\t\t<meta property=\"og:description\" content=\"TEXT POLICY Text Policy Text Messeging Policy: Reply YES to receive updates and information from Lemon Law Lawyer. Reply STOP to cancel and unsubscribe. Message and data rates and usage may apply. Anyone who communicates with Lemon Law Lawyer via shortcode 40222. Can Opt-out by following the guidelines defined in the above opt-in and opt-out\" \/>\n\t\t<meta property=\"og:url\" content=\"https:\/\/kfi.lemonlawlawyer.com\/es\/text-policy\/\" \/>\n\t\t<meta property=\"og:image\" content=\"https:\/\/kfi.lemonlawlawyer.com\/wp-content\/uploads\/lll-social.png\" \/>\n\t\t<meta property=\"og:image:secure_url\" content=\"https:\/\/kfi.lemonlawlawyer.com\/wp-content\/uploads\/lll-social.png\" \/>\n\t\t<meta property=\"article:published_time\" content=\"2023-12-07T01:53:54+00:00\" \/>\n\t\t<meta property=\"article:modified_time\" content=\"2023-12-07T16:07:31+00:00\" \/>\n\t\t<meta name=\"twitter:card\" content=\"summary_large_image\" \/>\n\t\t<meta name=\"twitter:title\" content=\"Text Policy - Lemon Law Lawyer\" \/>\n\t\t<meta name=\"twitter:description\" content=\"TEXT POLICY Text Policy Text Messeging Policy: Reply YES to receive updates and information from Lemon Law Lawyer. Reply STOP to cancel and unsubscribe. Message and data rates and usage may apply. Anyone who communicates with Lemon Law Lawyer via shortcode 40222. Can Opt-out by following the guidelines defined in the above opt-in and opt-out\" \/>\n\t\t<meta name=\"twitter:image\" content=\"https:\/\/kfi.lemonlawlawyer.com\/wp-content\/uploads\/lll-social.png\" \/>\n\t\t<script type=\"application\/ld+json\" class=\"aioseo-schema\">\n\t\t\t{\"@context\":\"https:\\\/\\\/schema.org\",\"@graph\":[{\"@type\":\"BreadcrumbList\",\"@id\":\"https:\\\/\\\/kfi.lemonlawlawyer.com\\\/es\\\/text-policy\\\/#breadcrumblist\",\"itemListElement\":[{\"@type\":\"ListItem\",\"@id\":\"https:\\\/\\\/kfi.lemonlawlawyer.com\\\/es#listItem\",\"position\":1,\"name\":\"Home\",\"item\":\"https:\\\/\\\/kfi.lemonlawlawyer.com\\\/es\",\"nextItem\":{\"@type\":\"ListItem\",\"@id\":\"https:\\\/\\\/kfi.lemonlawlawyer.com\\\/es\\\/text-policy\\\/#listItem\",\"name\":\"Text Policy\"}},{\"@type\":\"ListItem\",\"@id\":\"https:\\\/\\\/kfi.lemonlawlawyer.com\\\/es\\\/text-policy\\\/#listItem\",\"position\":2,\"name\":\"Text Policy\",\"previousItem\":{\"@type\":\"ListItem\",\"@id\":\"https:\\\/\\\/kfi.lemonlawlawyer.com\\\/es#listItem\",\"name\":\"Home\"}}]},{\"@type\":\"Organization\",\"@id\":\"https:\\\/\\\/kfi.lemonlawlawyer.com\\\/es\\\/#organization\",\"name\":\"Lemon Law Lawyer\",\"description\":\"Sour deal? Sweet justice. Lemon Law Lawyers at your service.\",\"url\":\"https:\\\/\\\/kfi.lemonlawlawyer.com\\\/es\\\/\",\"telephone\":\"+18882912055\",\"logo\":{\"@type\":\"ImageObject\",\"url\":\"http:\\\/\\\/lemonlawlawyer.com\\\/wp-content\\\/uploads\\\/MicrosoftTeams-image-22.png\",\"@id\":\"https:\\\/\\\/kfi.lemonlawlawyer.com\\\/es\\\/text-policy\\\/#organizationLogo\"},\"image\":{\"@id\":\"https:\\\/\\\/kfi.lemonlawlawyer.com\\\/es\\\/text-policy\\\/#organizationLogo\"}},{\"@type\":\"WebPage\",\"@id\":\"https:\\\/\\\/kfi.lemonlawlawyer.com\\\/es\\\/text-policy\\\/#webpage\",\"url\":\"https:\\\/\\\/kfi.lemonlawlawyer.com\\\/es\\\/text-policy\\\/\",\"name\":\"Text Policy - Lemon Law Lawyer\",\"description\":\"TEXT POLICY Text Policy Text Messeging Policy: Reply YES to receive updates and information from Lemon Law Lawyer. Reply STOP to cancel and unsubscribe. Message and data rates and usage may apply. Anyone who communicates with Lemon Law Lawyer via shortcode 40222. Can Opt-out by following the guidelines defined in the above opt-in and opt-out\",\"inLanguage\":\"es-MX\",\"isPartOf\":{\"@id\":\"https:\\\/\\\/kfi.lemonlawlawyer.com\\\/es\\\/#website\"},\"breadcrumb\":{\"@id\":\"https:\\\/\\\/kfi.lemonlawlawyer.com\\\/es\\\/text-policy\\\/#breadcrumblist\"},\"datePublished\":\"2023-12-07T01:53:54+00:00\",\"dateModified\":\"2023-12-07T16:07:31+00:00\"},{\"@type\":\"WebSite\",\"@id\":\"https:\\\/\\\/kfi.lemonlawlawyer.com\\\/es\\\/#website\",\"url\":\"https:\\\/\\\/kfi.lemonlawlawyer.com\\\/es\\\/\",\"name\":\"Lemon Law Lawyer\",\"description\":\"Sour deal? Sweet justice. Lemon Law Lawyers at your service.\",\"inLanguage\":\"es-MX\",\"publisher\":{\"@id\":\"https:\\\/\\\/kfi.lemonlawlawyer.com\\\/es\\\/#organization\"}}]}\n\t\t<\/script>\n\t\t<!-- All in One SEO Pro -->\r\n\t\t<title>Text Policy - Lemon Law Lawyer<\/title>\n\n","aioseo_head_json":{"title":"Text Policy - Lemon Law Lawyer","description":"TEXT POLICY Text Policy Text Messeging Policy: Reply YES to receive updates and information from Lemon Law Lawyer. Reply STOP to cancel and unsubscribe. Message and data rates and usage may apply. Anyone who communicates with Lemon Law Lawyer via shortcode 40222. Can Opt-out by following the guidelines defined in the above opt-in and opt-out","canonical_url":"https:\/\/kfi.lemonlawlawyer.com\/es\/text-policy\/","robots":"max-image-preview:large","keywords":"","webmasterTools":{"miscellaneous":""},"schema":{"@context":"https:\/\/schema.org","@graph":[{"@type":"BreadcrumbList","@id":"https:\/\/kfi.lemonlawlawyer.com\/es\/text-policy\/#breadcrumblist","itemListElement":[{"@type":"ListItem","@id":"https:\/\/kfi.lemonlawlawyer.com\/es#listItem","position":1,"name":"Home","item":"https:\/\/kfi.lemonlawlawyer.com\/es","nextItem":{"@type":"ListItem","@id":"https:\/\/kfi.lemonlawlawyer.com\/es\/text-policy\/#listItem","name":"Text Policy"}},{"@type":"ListItem","@id":"https:\/\/kfi.lemonlawlawyer.com\/es\/text-policy\/#listItem","position":2,"name":"Text Policy","previousItem":{"@type":"ListItem","@id":"https:\/\/kfi.lemonlawlawyer.com\/es#listItem","name":"Home"}}]},{"@type":"Organization","@id":"https:\/\/kfi.lemonlawlawyer.com\/es\/#organization","name":"Lemon Law Lawyer","description":"Sour deal? Sweet justice. Lemon Law Lawyers at your service.","url":"https:\/\/kfi.lemonlawlawyer.com\/es\/","telephone":"+18882912055","logo":{"@type":"ImageObject","url":"http:\/\/lemonlawlawyer.com\/wp-content\/uploads\/MicrosoftTeams-image-22.png","@id":"https:\/\/kfi.lemonlawlawyer.com\/es\/text-policy\/#organizationLogo"},"image":{"@id":"https:\/\/kfi.lemonlawlawyer.com\/es\/text-policy\/#organizationLogo"}},{"@type":"WebPage","@id":"https:\/\/kfi.lemonlawlawyer.com\/es\/text-policy\/#webpage","url":"https:\/\/kfi.lemonlawlawyer.com\/es\/text-policy\/","name":"Text Policy - Lemon Law Lawyer","description":"TEXT POLICY Text Policy Text Messeging Policy: Reply YES to receive updates and information from Lemon Law Lawyer. Reply STOP to cancel and unsubscribe. Message and data rates and usage may apply. Anyone who communicates with Lemon Law Lawyer via shortcode 40222. Can Opt-out by following the guidelines defined in the above opt-in and opt-out","inLanguage":"es-MX","isPartOf":{"@id":"https:\/\/kfi.lemonlawlawyer.com\/es\/#website"},"breadcrumb":{"@id":"https:\/\/kfi.lemonlawlawyer.com\/es\/text-policy\/#breadcrumblist"},"datePublished":"2023-12-07T01:53:54+00:00","dateModified":"2023-12-07T16:07:31+00:00"},{"@type":"WebSite","@id":"https:\/\/kfi.lemonlawlawyer.com\/es\/#website","url":"https:\/\/kfi.lemonlawlawyer.com\/es\/","name":"Lemon Law Lawyer","description":"Sour deal? Sweet justice. Lemon Law Lawyers at your service.","inLanguage":"es-MX","publisher":{"@id":"https:\/\/kfi.lemonlawlawyer.com\/es\/#organization"}}]},"og:locale":"es_MX","og:site_name":"Lemon Law Lawyer - Sour deal? Sweet justice. Lemon Law Lawyers at your service.","og:type":"article","og:title":"Text Policy - Lemon Law Lawyer","og:description":"TEXT POLICY Text Policy Text Messeging Policy: Reply YES to receive updates and information from Lemon Law Lawyer. Reply STOP to cancel and unsubscribe. Message and data rates and usage may apply. Anyone who communicates with Lemon Law Lawyer via shortcode 40222. Can Opt-out by following the guidelines defined in the above opt-in and opt-out","og:url":"https:\/\/kfi.lemonlawlawyer.com\/es\/text-policy\/","og:image":"https:\/\/kfi.lemonlawlawyer.com\/wp-content\/uploads\/lll-social.png","og:image:secure_url":"https:\/\/kfi.lemonlawlawyer.com\/wp-content\/uploads\/lll-social.png","article:published_time":"2023-12-07T01:53:54+00:00","article:modified_time":"2023-12-07T16:07:31+00:00","twitter:card":"summary_large_image","twitter:title":"Text Policy - Lemon Law Lawyer","twitter:description":"TEXT POLICY Text Policy Text Messeging Policy: Reply YES to receive updates and information from Lemon Law Lawyer. Reply STOP to cancel and unsubscribe. Message and data rates and usage may apply. Anyone who communicates with Lemon Law Lawyer via shortcode 40222. Can Opt-out by following the guidelines defined in the above opt-in and opt-out","twitter:image":"https:\/\/kfi.lemonlawlawyer.com\/wp-content\/uploads\/lll-social.png"},"aioseo_meta_data":{"post_id":"2288","title":null,"description":null,"keywords":[],"keyphrases":{"focus":{"keyphrase":"","score":0,"analysis":{"keyphraseInTitle":{"score":0,"maxScore":9,"error":1}}},"additional":[]},"primary_term":null,"canonical_url":null,"og_title":null,"og_description":null,"og_object_type":"default","og_image_type":"default","og_image_url":null,"og_image_width":null,"og_image_height":null,"og_image_custom_url":null,"og_image_custom_fields":null,"og_video":"","og_custom_url":null,"og_article_section":null,"og_article_tags":[],"twitter_use_og":false,"twitter_card":"default","twitter_image_type":"default","twitter_image_url":null,"twitter_image_custom_url":null,"twitter_image_custom_fields":null,"twitter_title":null,"twitter_description":null,"schema":{"blockGraphs":[],"customGraphs":[],"default":{"data":{"Article":[],"Course":[],"Dataset":[],"FAQPage":[],"Movie":[],"Person":[],"Product":[],"ProductReview":[],"Car":[],"Recipe":[],"Service":[],"SoftwareApplication":[],"WebPage":[]},"graphName":"WebPage","isEnabled":true},"graphs":[]},"schema_type":"default","schema_type_options":null,"pillar_content":false,"robots_default":true,"robots_noindex":false,"robots_noarchive":false,"robots_nosnippet":false,"robots_nofollow":false,"robots_noimageindex":false,"robots_noodp":false,"robots_notranslate":false,"robots_max_snippet":"-1","robots_max_videopreview":"-1","robots_max_imagepreview":"large","priority":null,"frequency":"default","local_seo":null,"seo_analyzer_scan_date":"2025-08-15 14:49:43","breadcrumb_settings":null,"limit_modified_date":false,"open_ai":"{\"title\":{\"suggestions\":[],\"usage\":0},\"description\":{\"suggestions\":[],\"usage\":0}}","ai":null,"created":"2023-12-07 01:53:54","updated":"2025-10-28 14:12:26"},"aioseo_breadcrumb":"<div class=\"aioseo-breadcrumbs\"><span class=\"aioseo-breadcrumb\">\n\t<a href=\"https:\/\/kfi.lemonlawlawyer.com\/es\" title=\"Home\">Home<\/a>\n<\/span><span class=\"aioseo-breadcrumb-separator\">&raquo;<\/span><span class=\"aioseo-breadcrumb\">\n\tText Policy\n<\/span><\/div>","aioseo_breadcrumb_json":[{"label":"Home","link":"https:\/\/kfi.lemonlawlawyer.com\/es"},{"label":"Text Policy","link":"https:\/\/kfi.lemonlawlawyer.com\/es\/text-policy\/"}],"_links":{"self":[{"href":"https:\/\/kfi.lemonlawlawyer.com\/es\/wp-json\/wp\/v2\/pages\/2288","targetHints":{"allow":["GET"]}}],"collection":[{"href":"https:\/\/kfi.lemonlawlawyer.com\/es\/wp-json\/wp\/v2\/pages"}],"about":[{"href":"https:\/\/kfi.lemonlawlawyer.com\/es\/wp-json\/wp\/v2\/types\/page"}],"author":[{"embeddable":true,"href":"https:\/\/kfi.lemonlawlawyer.com\/es\/wp-json\/wp\/v2\/users\/1"}],"replies":[{"embeddable":true,"href":"https:\/\/kfi.lemonlawlawyer.com\/es\/wp-json\/wp\/v2\/comments?post=2288"}],"version-history":[{"count":6,"href":"https:\/\/kfi.lemonlawlawyer.com\/es\/wp-json\/wp\/v2\/pages\/2288\/revisions"}],"predecessor-version":[{"id":2304,"href":"https:\/\/kfi.lemonlawlawyer.com\/es\/wp-json\/wp\/v2\/pages\/2288\/revisions\/2304"}],"wp:attachment":[{"href":"https:\/\/kfi.lemonlawlawyer.com\/es\/wp-json\/wp\/v2\/media?parent=2288"}],"curies":[{"name":"wp","href":"https:\/\/api.w.org\/{rel}","templated":true}]}}