{"id":2277,"date":"2023-12-07T01:40:08","date_gmt":"2023-12-07T01:40:08","guid":{"rendered":"https:\/\/lemonlawlawyer.com\/?page_id=2277"},"modified":"2023-12-07T15:52:48","modified_gmt":"2023-12-07T15:52:48","slug":"privacy-policy","status":"publish","type":"page","link":"https:\/\/kfi.lemonlawlawyer.com\/es\/privacy-policy\/","title":{"rendered":"pol\u00edtica de privacidad"},"content":{"rendered":"<h1>POL\u00cdTICA DE PRIVACIDAD<\/h1>\n<h1>pol\u00edtica de privacidad<\/h1>\n<hr>\n<div>\n<h2>\u00bfQu\u00e9 informaci\u00f3n recopilamos?<\/h2>\n<p>We collect information from you when you register on our site, subscribe to our newsletter or fill out a form.<br \/>\nWhen ordering or registering on our site, as appropriate, you may be asked to enter your: name, e-mail address, mailing address or phone number. You may, however, visit our site anonymously.<br \/>\nGoogle, as a third party vendor, uses cookies to serve ads on your site.<br \/>\nGoogle&#8217;s use of the DART cookie enables it to serve ads to your users based on their visit to your sites and other sites on the Internet.<br \/>\nUsers may opt out of the use of the DART cookie by visiting the Google ad and content network privacy policy.<\/p>\n<h2>\u00bfPara qu\u00e9 utilizamos su informaci\u00f3n?<\/h2>\n<p>Cualquier informaci\u00f3n que recopilemos de usted podr\u00e1 utilizarse de una de las siguientes maneras:<\/p>\n<ul>\n<li> Para personalizar su experiencia (su informaci\u00f3n nos ayuda a responder mejor a sus necesidades individuales);<\/li>\n<li> Para mejorar nuestro sitio web (nos esforzamos continuamente por mejorar las ofertas de nuestro sitio web en funci\u00f3n de la informaci\u00f3n y los comentarios que recibimos de usted);<\/li>\n<li> Para mejorar el servicio al cliente (su informaci\u00f3n nos ayuda a responder de manera m\u00e1s efectiva a sus solicitudes de servicio al cliente y necesidades de soporte);<\/li>\n<li> Para procesar transacciones<\/li>\n<\/ul>\n<blockquote><p>Su informaci\u00f3n, ya sea p\u00fablica o privada, no ser\u00e1 vendida, intercambiada, transferida o cedida a ninguna otra empresa por ning\u00fan motivo, sin su consentimiento, salvo con el prop\u00f3sito expreso de entregar el producto adquirido o el servicio solicitado.<\/p><\/blockquote>\n<p>&nbsp;<\/p>\n<h2>\u00bfC\u00f3mo protegemos su informaci\u00f3n?<\/h2>\n<p>We implement a variety of security measures to maintain the safety of your personal information when you enter, submit, or access your personal information.<br \/>\nWe offer the use of a secure server. All supplied sensitive\/credit information is transmitted via Secure Socket Layer (SSL) technology and then encrypted into our Payment gateway providers database only to be accessible by those authorized with special access rights to such systems, and are required to?keep the information confidential.<br \/>\nAfter a transaction, your private information (credit cards, social security numbers, financials, etc.) will be kept on file for more than 60 days in order to comply with California Law.<\/p>\n<h2>\u00bfUtilizamos cookies?<\/h2>\n<p>S\u00ed (las cookies son peque\u00f1os archivos que un sitio o su proveedor de servicios transfiere al disco duro de su computadora a trav\u00e9s de su navegador web (si usted lo permite) que permite a los sitios o sistemas de proveedores de servicios reconocer su navegador y capturar y recordar cierta informaci\u00f3n.<\/p>\n<h2>\u00bfRevelamos alguna informaci\u00f3n a terceros?<\/h2>\n<p>No vendemos, comercializamos ni transferimos de ninguna otra forma a terceros su informaci\u00f3n personal identificable. Esto no incluye a terceros de confianza que nos ayudan a operar nuestro sitio web, llevar adelante nuestro negocio o brindarle servicios, siempre que dichas partes acuerden mantener esta informaci\u00f3n confidencial. Tambi\u00e9n podemos divulgar su informaci\u00f3n cuando consideremos que la divulgaci\u00f3n es adecuada para cumplir con la ley, hacer cumplir las pol\u00edticas de nuestro sitio o proteger nuestros derechos, propiedad o seguridad o los de otros. Sin embargo, la informaci\u00f3n de visitantes que no permite la identificaci\u00f3n personal puede proporcionarse a otras partes para fines de marketing, publicidad u otros usos.<\/p>\n<h3>Enlaces de terceros<\/h3>\n<p>Ocasionalmente, a nuestra discreci\u00f3n, podemos incluir u ofrecer productos o servicios de terceros en nuestro sitio web. Estos sitios de terceros tienen pol\u00edticas de privacidad independientes y separadas. Por lo tanto, no tenemos ninguna responsabilidad por el contenido y las actividades de estos sitios vinculados. No obstante, buscamos proteger la integridad de nuestro sitio y agradecemos cualquier comentario sobre estos sitios.<\/p>\n<h3>Cumplimiento de la Ley de Protecci\u00f3n de la Privacidad en L\u00ednea de California<\/h3>\n<p>Valoramos su privacidad y hemos tomado las precauciones necesarias para cumplir con la Ley de Protecci\u00f3n de la Privacidad en L\u00ednea de California. Por lo tanto, no distribuiremos su informaci\u00f3n personal a terceros sin su consentimiento.<\/p>\n<h3>Cumplimiento de la Ley de Protecci\u00f3n de la Privacidad Infantil en Internet<\/h3>\n<p>Cumplimos con los requisitos de la Ley de Protecci\u00f3n de la Privacidad Infantil en Internet (COPPA, por sus siglas en ingl\u00e9s) y no recopilamos informaci\u00f3n de ninguna persona menor de 13 a\u00f1os. Nuestro sitio web, nuestros productos y nuestros servicios est\u00e1n dirigidos a personas mayores de 13 a\u00f1os.<\/p>\n<h2>T\u00e9rminos y condiciones<\/h2>\n<p>Visite tambi\u00e9n nuestra secci\u00f3n de T\u00e9rminos y Condiciones que establece el uso, las exenciones de responsabilidad y las limitaciones de responsabilidad que rigen el uso de nuestro sitio web en <a href=\"https:\/\/www.lemonlawlawyer.com\">https:\/\/www.lemonlawlawyer.com<\/a><\/p>\n<h2>Su consentimiento<\/h2>\n<p>Al utilizar nuestro sitio, usted acepta nuestras <a style=\"text-decoration: none; color: #3c3c3c;\" href=\"http:\/\/www.freeprivacypolicy.com\/\" target=\"_blank\" rel=\"noopener noreferrer\">Pol\u00edtica de privacidad en l\u00ednea<\/a>.<\/p>\n<h2>Cambios en nuestra Pol\u00edtica de Privacidad<\/h2>\n<p>Si decidimos cambiar nuestra pol\u00edtica de privacidad, publicaremos esos cambios en esta p\u00e1gina y\/o le enviaremos un correo electr\u00f3nico notific\u00e1ndole cualquier cambio.<\/p>\n<h2>Cont\u00e1ctenos<\/h2>\n<p>Si tiene alguna pregunta respecto a esta pol\u00edtica de privacidad, puede contactarnos utilizando la siguiente informaci\u00f3n.<br \/>\n<strong>3460 Wilshire Blvd #950.<br \/>\nLos Angeles 90010, CA<br \/>\nU.S.A.<\/strong><br \/>\n<a href=\"https:\/\/www.lemonlawlawyer.com\">https:\/\/www.lemonlawlawyer.com<\/a><br \/>\ninfo@lemonlawlawyer.com<\/div>\n<p><!--more--><br \/>\n<!-- {\"type\":\"layout\",\"children\":[{\"type\":\"section\",\"props\":{\"image\":\"\\\/wp-content\\\/uploads\\\/client-love.jpg\",\"image_position\":\"center-center\",\"image_size\":\"cover\",\"padding\":\"large\",\"style\":\"default\",\"text_color\":\"light\",\"title_breakpoint\":\"xl\",\"title_position\":\"top-left\",\"title_rotation\":\"left\",\"vertical_align\":\"middle\",\"width\":\"default\"},\"children\":[{\"type\":\"row\",\"children\":[{\"type\":\"column\",\"props\":{\"image_position\":\"center-center\",\"position_sticky_breakpoint\":\"m\"},\"children\":[{\"type\":\"headline\",\"props\":{\"class\":\"borderframes-white\",\"content\":\"PRIVACY POLICY\",\"margin_remove_top\":true,\"text_align\":\"center\",\"title_element\":\"h1\"}}]}]}]},{\"type\":\"section\",\"props\":{\"image\":\"\\\/wp-content\\\/uploads\\\/testies-bg.jpg\",\"image_position\":\"center-center\",\"image_size\":\"cover\",\"padding_remove_top\":true,\"style\":\"default\",\"title_breakpoint\":\"xl\",\"title_position\":\"top-left\",\"title_rotation\":\"left\",\"vertical_align\":\"middle\",\"width\":\"default\"},\"children\":[{\"type\":\"row\",\"children\":[{\"type\":\"column\",\"props\":{\"image_position\":\"center-center\",\"position_sticky_breakpoint\":\"m\"},\"children\":[{\"type\":\"breadcrumbs\",\"props\":{\"show_current\":true,\"show_home\":true}},{\"type\":\"headline\",\"props\":{\"class\":\"navyish gradify-navy\",\"content\":\"Privacy Policy\",\"title_element\":\"h1\"}},{\"type\":\"divider\",\"props\":{\"divider_element\":\"hr\"}},{\"type\":\"text\",\"props\":{\"column_breakpoint\":\"m\",\"content\":\"\n\n<h2>What information do we collect?<\\\/h2>\\nWe collect information from you when you register on our site, subscribe to our newsletter or fill out a form.\\nWhen ordering or registering on our site, as appropriate, you may be asked to enter your: name, e-mail address, mailing address or phone number. You may, however, visit our site anonymously.\\nGoogle, as a third party vendor, uses cookies to serve ads on your site.\\nGoogle's use of the DART cookie enables it to serve ads to your users based on their visit to your sites and other sites on the Internet.\\nUsers may opt out of the use of the DART cookie by visiting the Google ad and content network privacy policy.\\n\n\n<h2>What do we use your information for?<\\\/h2>\\nAny of the information we collect from you may be used in one of the following ways:\\n\n\n<ul>\\n \\t\n\n<li> To personalize your experience (your information helps us to better respond to your individual needs);<\\\/li>\\n \\t\n\n<li> To improve our website (we continually strive to improve our website offerings based on the information and feedback we receive from you);<\\\/li>\\n \\t\n\n<li> To improve customer service (your information helps us to more effectively respond to your customer service requests and support needs);<\\\/li>\\n \\t\n\n<li> To process transactions<\\\/li>\\n<\\\/ul>\\n\n\n<blockquote>Your information, whether public or private, will not be sold, exchanged, transferred, or given to any other company for any reason whatsoever, without your consent, other than for the express purpose of delivering the purchased product or service requested.<\\\/blockquote>\\n&nbsp;\\n\n\n<h2>How do we protect your information?<\\\/h2>\\nWe implement a variety of security measures to maintain the safety of your personal information when you enter, submit, or access your personal information.\\nWe offer the use of a secure server. All supplied sensitive\\\/credit information is transmitted via Secure Socket Layer (SSL) technology and then encrypted into our Payment gateway providers database only to be accessible by those authorized with special access rights to such systems, and are required to?keep the information confidential.\\nAfter a transaction, your private information (credit cards, social security numbers, financials, etc.) will be kept on file for more than 60 days in order to comply with California Law.\\n\n\n<h2>Do we use cookies?<\\\/h2>\\nYes (Cookies are small files that a site or its service provider transfers to your computers hard drive through your Web browser (if you allow) that enables the sites or service providers systems to recognize your browser and capture and remember certain information.\\n\n\n<h2>Do we disclose any information to outside parties?<\\\/h2>\\nWe do not sell, trade, or otherwise transfer to outside parties your personally identifiable information. This does not include trusted third parties who assist us in operating our website, conducting our business, or servicing you, so long as those parties agree to keep this information confidential. We may also release your information when we believe release is appropriate to comply with the law, enforce our site policies, or protect ours or others rights, property, or safety. However, non-personally identifiable visitor information may be provided to other parties for marketing, advertising, or other uses.\\n\n\n<h3>Third party links<\\\/h3>\\nOccasionally, at our discretion, we may include or offer third party products or services on our website. These third party sites have separate and independent privacy policies. We therefore have no responsibility or liability for the content and activities of these linked sites. Nonetheless, we seek to protect the integrity of our site and welcome any feedback about these sites.\\n\n\n<h3>California Online Privacy Protection Act Compliance<\\\/h3>\\nBecause we value your privacy we have taken the necessary precautions to be in compliance with the California Online Privacy Protection Act. We therefore will not distribute your personal information to outside parties without your consent.\\n\n\n<h3>Childrens Online Privacy Protection Act Compliance<\\\/h3>\\nWe are in compliance with the requirements of COPPA (Childrens Online Privacy Protection Act), we do not collect any information from anyone under 13 years of age. Our website, products and services are all directed to people who are at least 13 years old or older.\\n\n\n<h2>Terms and Conditions<\\\/h2>\\nPlease also visit our Terms and Conditions section establishing the use, disclaimers, and limitations of liability governing the use of our website at <a href=\\\"https:\\\/\\\/www.lemonlawlawyer.com\\\">https:\\\/\\\/www.lemonlawlawyer.com<\\\/a>\\n\n\n<h2>Your Consent<\\\/h2>\\nBy using our site, you consent to our <a style=\\\"text-decoration: none; color: #3c3c3c;\\\" href=\\\"http:\\\/\\\/www.freeprivacypolicy.com\\\/\\\" target=\\\"_blank\\\" rel=\\\"noopener noreferrer\\\">online privacy policy<\\\/a>.\\n\n\n<h2>Changes to our Privacy Policy<\\\/h2>\\nIf we decide to change our privacy policy, we will post those changes on this page, and\\\/or send an email notifying you of any changes.\\n\n\n<h2>Contacting Us<\\\/h2>\\nIf there are any questions regarding this privacy policy you may contact us using the information below.<br \/>\\n<strong>3460 Wilshire Blvd #950.\\nLos Angeles 90010, CA\\nU.S.A.<\\\/strong><br \/>\\n<a href=\\\"https:\\\/\\\/www.lemonlawlawyer.com\\\">https:\\\/\\\/www.lemonlawlawyer.com<\\\/a><br \/>\\ninfo@lemonlawlawyer.com\",\"margin\":\"default\"}}]}]}]}],\"version\":\"4.2.6\"} --><\/p>","protected":false},"excerpt":{"rendered":"<p>PRIVACY POLICY Privacy Policy What information do we collect? We collect information from you when you register on our site, subscribe to our newsletter or fill out a form. When ordering or registering on our site, as appropriate, you may be asked to enter your: name, e-mail address, mailing address or phone number. You may, [&hellip;]<\/p>","protected":false},"author":1,"featured_media":0,"parent":0,"menu_order":0,"comment_status":"closed","ping_status":"closed","template":"","meta":{"_monsterinsights_skip_tracking":false,"_monsterinsights_sitenote_active":false,"_monsterinsights_sitenote_note":"","_monsterinsights_sitenote_category":0,"footnotes":""},"class_list":["post-2277","page","type-page","status-publish","hentry"],"aioseo_notices":[],"aioseo_head":"\n\t\t<!-- All in One SEO Pro 4.9.2 - aioseo.com -->\n\t<meta name=\"description\" content=\"PRIVACY POLICY Privacy Policy What information do we collect? We collect information from you when you register on our site, subscribe to our newsletter or fill out a form. When ordering or registering on our site, as appropriate, you may be asked to enter your: name, e-mail address, mailing address or phone number. You may,\" \/>\n\t<meta name=\"robots\" content=\"max-image-preview:large\" \/>\n\t<link rel=\"canonical\" href=\"https:\/\/kfi.lemonlawlawyer.com\/es\/privacy-policy\/\" \/>\n\t<meta name=\"generator\" content=\"All in One SEO Pro (AIOSEO) 4.9.2\" \/>\n\t\t<meta property=\"og:locale\" content=\"es_MX\" \/>\n\t\t<meta property=\"og:site_name\" content=\"Lemon Law Lawyer - Sour deal? Sweet justice. Lemon Law Lawyers at your service.\" \/>\n\t\t<meta property=\"og:type\" content=\"article\" \/>\n\t\t<meta property=\"og:title\" content=\"Privacy Policy - Lemon Law Lawyer\" \/>\n\t\t<meta property=\"og:description\" content=\"PRIVACY POLICY Privacy Policy What information do we collect? We collect information from you when you register on our site, subscribe to our newsletter or fill out a form. When ordering or registering on our site, as appropriate, you may be asked to enter your: name, e-mail address, mailing address or phone number. You may,\" \/>\n\t\t<meta property=\"og:url\" content=\"https:\/\/kfi.lemonlawlawyer.com\/es\/privacy-policy\/\" \/>\n\t\t<meta property=\"og:image\" content=\"https:\/\/kfi.lemonlawlawyer.com\/wp-content\/uploads\/lll-social.png\" \/>\n\t\t<meta property=\"og:image:secure_url\" content=\"https:\/\/kfi.lemonlawlawyer.com\/wp-content\/uploads\/lll-social.png\" \/>\n\t\t<meta property=\"article:published_time\" content=\"2023-12-07T01:40:08+00:00\" \/>\n\t\t<meta property=\"article:modified_time\" content=\"2023-12-07T15:52:48+00:00\" \/>\n\t\t<meta name=\"twitter:card\" content=\"summary_large_image\" \/>\n\t\t<meta name=\"twitter:title\" content=\"Privacy Policy - Lemon Law Lawyer\" \/>\n\t\t<meta name=\"twitter:description\" content=\"PRIVACY POLICY Privacy Policy What information do we collect? We collect information from you when you register on our site, subscribe to our newsletter or fill out a form. When ordering or registering on our site, as appropriate, you may be asked to enter your: name, e-mail address, mailing address or phone number. You may,\" \/>\n\t\t<meta name=\"twitter:image\" content=\"https:\/\/kfi.lemonlawlawyer.com\/wp-content\/uploads\/lll-social.png\" \/>\n\t\t<script type=\"application\/ld+json\" class=\"aioseo-schema\">\n\t\t\t{\"@context\":\"https:\\\/\\\/schema.org\",\"@graph\":[{\"@type\":\"BreadcrumbList\",\"@id\":\"https:\\\/\\\/kfi.lemonlawlawyer.com\\\/es\\\/privacy-policy\\\/#breadcrumblist\",\"itemListElement\":[{\"@type\":\"ListItem\",\"@id\":\"https:\\\/\\\/kfi.lemonlawlawyer.com\\\/es#listItem\",\"position\":1,\"name\":\"Home\",\"item\":\"https:\\\/\\\/kfi.lemonlawlawyer.com\\\/es\",\"nextItem\":{\"@type\":\"ListItem\",\"@id\":\"https:\\\/\\\/kfi.lemonlawlawyer.com\\\/es\\\/privacy-policy\\\/#listItem\",\"name\":\"Privacy Policy\"}},{\"@type\":\"ListItem\",\"@id\":\"https:\\\/\\\/kfi.lemonlawlawyer.com\\\/es\\\/privacy-policy\\\/#listItem\",\"position\":2,\"name\":\"Privacy Policy\",\"previousItem\":{\"@type\":\"ListItem\",\"@id\":\"https:\\\/\\\/kfi.lemonlawlawyer.com\\\/es#listItem\",\"name\":\"Home\"}}]},{\"@type\":\"Organization\",\"@id\":\"https:\\\/\\\/kfi.lemonlawlawyer.com\\\/es\\\/#organization\",\"name\":\"Lemon Law Lawyer\",\"description\":\"Sour deal? Sweet justice. Lemon Law Lawyers at your service.\",\"url\":\"https:\\\/\\\/kfi.lemonlawlawyer.com\\\/es\\\/\",\"telephone\":\"+18882912055\",\"logo\":{\"@type\":\"ImageObject\",\"url\":\"http:\\\/\\\/lemonlawlawyer.com\\\/wp-content\\\/uploads\\\/MicrosoftTeams-image-22.png\",\"@id\":\"https:\\\/\\\/kfi.lemonlawlawyer.com\\\/es\\\/privacy-policy\\\/#organizationLogo\"},\"image\":{\"@id\":\"https:\\\/\\\/kfi.lemonlawlawyer.com\\\/es\\\/privacy-policy\\\/#organizationLogo\"}},{\"@type\":\"WebPage\",\"@id\":\"https:\\\/\\\/kfi.lemonlawlawyer.com\\\/es\\\/privacy-policy\\\/#webpage\",\"url\":\"https:\\\/\\\/kfi.lemonlawlawyer.com\\\/es\\\/privacy-policy\\\/\",\"name\":\"Privacy Policy - Lemon Law Lawyer\",\"description\":\"PRIVACY POLICY Privacy Policy What information do we collect? We collect information from you when you register on our site, subscribe to our newsletter or fill out a form. When ordering or registering on our site, as appropriate, you may be asked to enter your: name, e-mail address, mailing address or phone number. You may,\",\"inLanguage\":\"es-MX\",\"isPartOf\":{\"@id\":\"https:\\\/\\\/kfi.lemonlawlawyer.com\\\/es\\\/#website\"},\"breadcrumb\":{\"@id\":\"https:\\\/\\\/kfi.lemonlawlawyer.com\\\/es\\\/privacy-policy\\\/#breadcrumblist\"},\"datePublished\":\"2023-12-07T01:40:08+00:00\",\"dateModified\":\"2023-12-07T15:52:48+00:00\"},{\"@type\":\"WebSite\",\"@id\":\"https:\\\/\\\/kfi.lemonlawlawyer.com\\\/es\\\/#website\",\"url\":\"https:\\\/\\\/kfi.lemonlawlawyer.com\\\/es\\\/\",\"name\":\"Lemon Law Lawyer\",\"description\":\"Sour deal? Sweet justice. Lemon Law Lawyers at your service.\",\"inLanguage\":\"es-MX\",\"publisher\":{\"@id\":\"https:\\\/\\\/kfi.lemonlawlawyer.com\\\/es\\\/#organization\"}}]}\n\t\t<\/script>\n\t\t<!-- All in One SEO Pro -->\r\n\t\t<title>Privacy Policy - Lemon Law Lawyer<\/title>\n\n","aioseo_head_json":{"title":"Privacy Policy - Lemon Law Lawyer","description":"PRIVACY POLICY Privacy Policy What information do we collect? We collect information from you when you register on our site, subscribe to our newsletter or fill out a form. When ordering or registering on our site, as appropriate, you may be asked to enter your: name, e-mail address, mailing address or phone number. You may,","canonical_url":"https:\/\/kfi.lemonlawlawyer.com\/es\/privacy-policy\/","robots":"max-image-preview:large","keywords":"","webmasterTools":{"miscellaneous":""},"schema":{"@context":"https:\/\/schema.org","@graph":[{"@type":"BreadcrumbList","@id":"https:\/\/kfi.lemonlawlawyer.com\/es\/privacy-policy\/#breadcrumblist","itemListElement":[{"@type":"ListItem","@id":"https:\/\/kfi.lemonlawlawyer.com\/es#listItem","position":1,"name":"Home","item":"https:\/\/kfi.lemonlawlawyer.com\/es","nextItem":{"@type":"ListItem","@id":"https:\/\/kfi.lemonlawlawyer.com\/es\/privacy-policy\/#listItem","name":"Privacy Policy"}},{"@type":"ListItem","@id":"https:\/\/kfi.lemonlawlawyer.com\/es\/privacy-policy\/#listItem","position":2,"name":"Privacy Policy","previousItem":{"@type":"ListItem","@id":"https:\/\/kfi.lemonlawlawyer.com\/es#listItem","name":"Home"}}]},{"@type":"Organization","@id":"https:\/\/kfi.lemonlawlawyer.com\/es\/#organization","name":"Lemon Law Lawyer","description":"Sour deal? Sweet justice. Lemon Law Lawyers at your service.","url":"https:\/\/kfi.lemonlawlawyer.com\/es\/","telephone":"+18882912055","logo":{"@type":"ImageObject","url":"http:\/\/lemonlawlawyer.com\/wp-content\/uploads\/MicrosoftTeams-image-22.png","@id":"https:\/\/kfi.lemonlawlawyer.com\/es\/privacy-policy\/#organizationLogo"},"image":{"@id":"https:\/\/kfi.lemonlawlawyer.com\/es\/privacy-policy\/#organizationLogo"}},{"@type":"WebPage","@id":"https:\/\/kfi.lemonlawlawyer.com\/es\/privacy-policy\/#webpage","url":"https:\/\/kfi.lemonlawlawyer.com\/es\/privacy-policy\/","name":"Privacy Policy - Lemon Law Lawyer","description":"PRIVACY POLICY Privacy Policy What information do we collect? We collect information from you when you register on our site, subscribe to our newsletter or fill out a form. When ordering or registering on our site, as appropriate, you may be asked to enter your: name, e-mail address, mailing address or phone number. You may,","inLanguage":"es-MX","isPartOf":{"@id":"https:\/\/kfi.lemonlawlawyer.com\/es\/#website"},"breadcrumb":{"@id":"https:\/\/kfi.lemonlawlawyer.com\/es\/privacy-policy\/#breadcrumblist"},"datePublished":"2023-12-07T01:40:08+00:00","dateModified":"2023-12-07T15:52:48+00:00"},{"@type":"WebSite","@id":"https:\/\/kfi.lemonlawlawyer.com\/es\/#website","url":"https:\/\/kfi.lemonlawlawyer.com\/es\/","name":"Lemon Law Lawyer","description":"Sour deal? Sweet justice. Lemon Law Lawyers at your service.","inLanguage":"es-MX","publisher":{"@id":"https:\/\/kfi.lemonlawlawyer.com\/es\/#organization"}}]},"og:locale":"es_MX","og:site_name":"Lemon Law Lawyer - Sour deal? Sweet justice. Lemon Law Lawyers at your service.","og:type":"article","og:title":"Privacy Policy - Lemon Law Lawyer","og:description":"PRIVACY POLICY Privacy Policy What information do we collect? We collect information from you when you register on our site, subscribe to our newsletter or fill out a form. When ordering or registering on our site, as appropriate, you may be asked to enter your: name, e-mail address, mailing address or phone number. You may,","og:url":"https:\/\/kfi.lemonlawlawyer.com\/es\/privacy-policy\/","og:image":"https:\/\/kfi.lemonlawlawyer.com\/wp-content\/uploads\/lll-social.png","og:image:secure_url":"https:\/\/kfi.lemonlawlawyer.com\/wp-content\/uploads\/lll-social.png","article:published_time":"2023-12-07T01:40:08+00:00","article:modified_time":"2023-12-07T15:52:48+00:00","twitter:card":"summary_large_image","twitter:title":"Privacy Policy - Lemon Law Lawyer","twitter:description":"PRIVACY POLICY Privacy Policy What information do we collect? We collect information from you when you register on our site, subscribe to our newsletter or fill out a form. When ordering or registering on our site, as appropriate, you may be asked to enter your: name, e-mail address, mailing address or phone number. You may,","twitter:image":"https:\/\/kfi.lemonlawlawyer.com\/wp-content\/uploads\/lll-social.png"},"aioseo_meta_data":{"post_id":"2277","title":null,"description":null,"keywords":null,"keyphrases":null,"primary_term":null,"canonical_url":null,"og_title":null,"og_description":null,"og_object_type":"default","og_image_type":"default","og_image_url":null,"og_image_width":null,"og_image_height":null,"og_image_custom_url":null,"og_image_custom_fields":null,"og_video":null,"og_custom_url":null,"og_article_section":null,"og_article_tags":null,"twitter_use_og":false,"twitter_card":"default","twitter_image_type":"default","twitter_image_url":null,"twitter_image_custom_url":null,"twitter_image_custom_fields":null,"twitter_title":null,"twitter_description":null,"schema":{"blockGraphs":[],"customGraphs":[],"default":{"data":{"Article":[],"Course":[],"Dataset":[],"FAQPage":[],"Movie":[],"Person":[],"Product":[],"ProductReview":[],"Car":[],"Recipe":[],"Service":[],"SoftwareApplication":[],"WebPage":[]},"graphName":"WebPage","isEnabled":true},"graphs":[]},"schema_type":"default","schema_type_options":null,"pillar_content":false,"robots_default":true,"robots_noindex":false,"robots_noarchive":false,"robots_nosnippet":false,"robots_nofollow":false,"robots_noimageindex":false,"robots_noodp":false,"robots_notranslate":false,"robots_max_snippet":null,"robots_max_videopreview":null,"robots_max_imagepreview":"large","priority":null,"frequency":null,"local_seo":null,"seo_analyzer_scan_date":"2025-08-15 14:49:42","breadcrumb_settings":null,"limit_modified_date":false,"open_ai":null,"ai":null,"created":"2023-12-07 01:40:08","updated":"2025-10-28 14:12:26"},"aioseo_breadcrumb":"<div class=\"aioseo-breadcrumbs\"><span class=\"aioseo-breadcrumb\">\n\t<a href=\"https:\/\/kfi.lemonlawlawyer.com\/es\" title=\"Home\">Home<\/a>\n<\/span><span class=\"aioseo-breadcrumb-separator\">&raquo;<\/span><span class=\"aioseo-breadcrumb\">\n\tPrivacy Policy\n<\/span><\/div>","aioseo_breadcrumb_json":[{"label":"Home","link":"https:\/\/kfi.lemonlawlawyer.com\/es"},{"label":"Privacy Policy","link":"https:\/\/kfi.lemonlawlawyer.com\/es\/privacy-policy\/"}],"_links":{"self":[{"href":"https:\/\/kfi.lemonlawlawyer.com\/es\/wp-json\/wp\/v2\/pages\/2277","targetHints":{"allow":["GET"]}}],"collection":[{"href":"https:\/\/kfi.lemonlawlawyer.com\/es\/wp-json\/wp\/v2\/pages"}],"about":[{"href":"https:\/\/kfi.lemonlawlawyer.com\/es\/wp-json\/wp\/v2\/types\/page"}],"author":[{"embeddable":true,"href":"https:\/\/kfi.lemonlawlawyer.com\/es\/wp-json\/wp\/v2\/users\/1"}],"replies":[{"embeddable":true,"href":"https:\/\/kfi.lemonlawlawyer.com\/es\/wp-json\/wp\/v2\/comments?post=2277"}],"version-history":[{"count":16,"href":"https:\/\/kfi.lemonlawlawyer.com\/es\/wp-json\/wp\/v2\/pages\/2277\/revisions"}],"predecessor-version":[{"id":2300,"href":"https:\/\/kfi.lemonlawlawyer.com\/es\/wp-json\/wp\/v2\/pages\/2277\/revisions\/2300"}],"wp:attachment":[{"href":"https:\/\/kfi.lemonlawlawyer.com\/es\/wp-json\/wp\/v2\/media?parent=2277"}],"curies":[{"name":"wp","href":"https:\/\/api.w.org\/{rel}","templated":true}]}}